{"id":46,"date":"2022-08-10T11:45:02","date_gmt":"2022-08-10T09:45:02","guid":{"rendered":"https:\/\/trans-agro.eu\/?page_id=46"},"modified":"2022-12-27T16:36:01","modified_gmt":"2022-12-27T15:36:01","slug":"polityka-prywatnosci","status":"publish","type":"page","link":"https:\/\/trans-agro.eu\/pl\/polityka-prywatnosci\/","title":{"rendered":"Polityka prywatno\u015bci"},"content":{"rendered":"\t\t<div data-elementor-type=\"wp-page\" data-elementor-id=\"46\" class=\"elementor elementor-46\" data-elementor-post-type=\"page\">\n\t\t\t\t\t\t<section class=\"elementor-section elementor-top-section elementor-element elementor-element-452728e5 elementor-section-boxed elementor-section-height-default elementor-section-height-default\" data-id=\"452728e5\" data-element_type=\"section\" data-e-type=\"section\" data-settings=\"{&quot;jet_parallax_layout_list&quot;:[],&quot;background_background&quot;:&quot;classic&quot;}\">\n\t\t\t\t\t\t<div class=\"elementor-container elementor-column-gap-default\">\n\t\t\t\t\t<div class=\"elementor-column elementor-col-100 elementor-top-column elementor-element elementor-element-40f87219\" data-id=\"40f87219\" data-element_type=\"column\" data-e-type=\"column\">\n\t\t\t<div class=\"elementor-widget-wrap elementor-element-populated\">\n\t\t\t\t\t\t<div class=\"elementor-element elementor-element-69082a4d elementor-widget elementor-widget-heading\" data-id=\"69082a4d\" data-element_type=\"widget\" data-e-type=\"widget\" data-widget_type=\"heading.default\">\n\t\t\t\t<div class=\"elementor-widget-container\">\n\t\t\t\t\t<h2 class=\"elementor-heading-title elementor-size-default\">Polityka prywatno\u015bci<\/h2>\t\t\t\t<\/div>\n\t\t\t\t<\/div>\n\t\t\t\t<div class=\"elementor-element elementor-element-2730b20e elementor-widget elementor-widget-text-editor\" data-id=\"2730b20e\" data-element_type=\"widget\" data-e-type=\"widget\" data-widget_type=\"text-editor.default\">\n\t\t\t\t<div class=\"elementor-widget-container\">\n\t\t\t\t\t\t\t\t\t<p style=\"text-align: center;\"><strong>Czym jest plik Cookie\/Ciasteczka?<\/strong><\/p><p>Pliki cookies zwane po polsku Ciasteczkami stanowi\u0105 pliki tekstowe. Powstaj\u0105 one w spos\u00f3b automatyczny za pomoc\u0105 przegl\u0105darek internetowych w momencie odwiedzania i korzystania ze stron internetowych. S\u0105 one wysy\u0142ane przez stron\u0119 internetow\u0105 i zapisywane na urz\u0105dzeniu u\u017cytkownika. Dane uzyskiwane za pomoc\u0105 pliku cookies s\u0105 odczytywane tylko za pomoc\u0105 strony, kt\u00f3ra stworzy\u0142a plik cookie,<a href=\"http:\/\/trans-agro.eu\"> trans-agro.eu.<\/a> Strona internetowa nie ma dost\u0119pu do plik\u00f3w cookies, kt\u00f3rych sama nie stworzy\u0142a i do kt\u00f3rych nie zosta\u0142 udzielony dost\u0119p.<\/p><p>Pliki cookies s\u0142u\u017c\u0105 do u\u0142atwienia korzystania ze strony internetowej przez u\u017cytkownika b\u0105d\u017a poprzez dostosowanie korzystnych dla u\u017cytkowania tre\u015bci przez stron\u0119 internetow\u0105.<\/p><p style=\"text-align: center;\"><strong>Kto jest administratorem pa\u0144stwa danych?<\/strong><\/p><p>Administratorem Pani\/ Pana danych osobowych jest Z\u0142ote Ziarno Sp\u00f3\u0142ka z ograniczon\u0105 odpowiedzialno\u015bci\u0105 z siedzib\u0105 w Warszawie (adres: ul. Skwer Kardyna\u0142a Stefana Wyszy\u0144skiego 5 m.21, 01-015 Warszawa), wpisana do KRS\u00a0&#8211; <strong>NIP<\/strong>: 5252540773, <strong>REGON<\/strong>: 14632598000000<\/p><p style=\"text-align: center;\"><strong>Cel stosowania plik\u00f3w cookies przez Z\u0142ote Ziarno Sp\u00f3\u0142ka z ograniczon\u0105 odpowiedzialno\u015bci\u0105:<\/strong><\/p><p style=\"text-align: left;\">Cookies techniczne:<\/p><p>&#8211; zapewniaj\u0105 prawid\u0142owe dzia\u0142anie strony internetowej<br \/>&#8211; adres IP<br \/>&#8211; czas przebywania na stronie<br \/>&#8211; lokacje z kt\u00f3rych dokonane jest wej\u015bcie na stron\u0119<br \/>&#8211; czas przebywania na stronie<br \/>&#8211; urz\u0105dzenie z kt\u00f3rego dokonywane jest otworzenie strony internetowej<br \/>&#8211; dokonane decyzje<br \/>&#8211; w celu zapami\u0119tania czy zosta\u0142a wyra\u017cona zgoda na pobieranie ciasteczek<\/p><p>Ich dzia\u0142anie jest oparte na s\u0142usznym interesie przedsi\u0119biorcy.<\/p><p>Cookies Marketingowe:<\/p><p>-W celach marketingowych korzystamy z us\u0142ug firmy Google, tj Google Ads<\/p><p>Cookies Analityczne:<\/p><p>&#8211; W celach analitycznych korzystamy z us\u0142ug firmy Google, tj Google Analytics<\/p><p style=\"text-align: center;\"><strong>Czas Przechowywania plik\u00f3w Cookies<\/strong><\/p><p>Sesyjne &#8211; s\u0105 przechowywane na u\u017cytkowanym urz\u0105dzeniu do czasu opuszczenia strony, np. poprzez wy\u0142\u0105czenie przegl\u0105darki internetowej<\/p><p>Sta\u0142e &#8211; istniej\u0105 do czasu ich r\u0119cznego usuni\u0119cia b\u0105d\u017a up\u0142yni\u0119cia okre\u015blonego w przegl\u0105darce czasu<\/p><p style=\"text-align: center;\"><strong>Rodzaj zbieranych danych<\/strong><\/p><p>Zaliczamy do nich:<br \/>&#8211; Adres IP<br \/>&#8211; Rodzaj urz\u0105dzenia<br \/>&#8211; System operacyjny<br \/>&#8211; Czas przebywania na stronie<br \/>&#8211; Podj\u0119te dzia\u0142ania<\/p><p style=\"text-align: center;\"><strong>Jakie dane wysy\u0142amy innym podmiotom?<\/strong><\/p><p>&#8211; Adres IP<\/p><p style=\"text-align: center;\"><strong>Spos\u00f3b wycofania zgody<\/strong><\/p><p>Niekt\u00f3re ciasteczka s\u0105 pobierane przez przegl\u0105dark\u0119 internetow\u0105 w chwili wej\u015bcia na stron\u0119 internetow\u0105. W celu zablokowania mo\u017cliwo\u015bci pobierania ciasteczek nale\u017cy zastosowa\u0107 metod\u0119 istniej\u0105c\u0105 dla danej przegl\u0105darki internetowej:<\/p><ul><li><a href=\"https:\/\/support.mozilla.org\/pl\/kb\/blokowanie-ciasteczek\">Firefox<\/a><\/li><li><a href=\"https:\/\/support.google.com\/chrome\/#topic=7438008\">Chrome<\/a><\/li><li><a href=\"https:\/\/support.microsoft.com\/pl-pl\/products\/windows\">Microsoft Edge<\/a><\/li><li><a href=\"https:\/\/help.opera.com\/Windows\/12.10\/pl\/cookies.html\">Opera<\/a><\/li><li><a href=\"https:\/\/support.apple.com\/kb\/PH19214?viewlocale=pl_PL&amp;locale=pl_PL\">Safari<\/a><\/li><\/ul><p>Brak mo\u017cliwo\u015bci zapisywania\/odczytywania plik\u00f3w cookies mo\u017ce skutkowa\u0107 niepe\u0142nym i niepoprawnym dzia\u0142aniem strony internetowej, jednak\u017ce korzystanie ze strony b\u0119dzie nadal mo\u017cliwe.<\/p><p style=\"text-align: center;\"><strong>Pozosta\u0142e informacje zwi\u0105zane z procesem przetwarzania danych<\/strong><\/p><p>Wszelkie pytanie dotycz\u0105ce naszych polityk mo\u017cna uzyska\u0107 za pomoc\u0105 adresu e-mail: <strong>email<\/strong><\/p><p>Ponadto informacje o administratorze danych osobowych i prawach przys\u0142uguj\u0105cych podmiotom, mo\u017cna znale\u017a\u0107 pod wskazanym adresem: http:\/?trans-agro.eu\/polityka-prywatnosci\/<\/p><p>W przypadku naruszenia przepis\u00f3w o ochronie danych osobowych, masz prawo do <a href=\"https:\/\/uodo.gov.pl\/\">z\u0142o\u017cenia skargi do Prezesa Urz\u0119du Ochrony Danych Osobowych<\/a>.<\/p>\t\t\t\t\t\t\t\t<\/div>\n\t\t\t\t<\/div>\n\t\t\t\t\t<\/div>\n\t\t<\/div>\n\t\t\t\t\t<\/div>\n\t\t<\/section>\n\t\t\t\t<\/div>\n\t\t","protected":false},"excerpt":{"rendered":"<p>Polityka prywatno\u015bci Czym jest plik Cookie\/Ciasteczka? Pliki cookies zwane po polsku Ciasteczkami stanowi\u0105 pliki tekstowe. Powstaj\u0105 one w spos\u00f3b automatyczny za pomoc\u0105 przegl\u0105darek internetowych w momencie odwiedzania i korzystania ze stron internetowych. S\u0105 one wysy\u0142ane przez stron\u0119 internetow\u0105 i zapisywane na urz\u0105dzeniu u\u017cytkownika. Dane uzyskiwane za pomoc\u0105 pliku cookies s\u0105 odczytywane tylko za pomoc\u0105 strony, [&hellip;]<\/p>\n","protected":false},"author":1,"featured_media":0,"parent":0,"menu_order":0,"comment_status":"closed","ping_status":"closed","template":"","meta":{"footnotes":""},"class_list":["post-46","page","type-page","status-publish","hentry"],"_links":{"self":[{"href":"https:\/\/trans-agro.eu\/pl\/wp-json\/wp\/v2\/pages\/46","targetHints":{"allow":["GET"]}}],"collection":[{"href":"https:\/\/trans-agro.eu\/pl\/wp-json\/wp\/v2\/pages"}],"about":[{"href":"https:\/\/trans-agro.eu\/pl\/wp-json\/wp\/v2\/types\/page"}],"author":[{"embeddable":true,"href":"https:\/\/trans-agro.eu\/pl\/wp-json\/wp\/v2\/users\/1"}],"replies":[{"embeddable":true,"href":"https:\/\/trans-agro.eu\/pl\/wp-json\/wp\/v2\/comments?post=46"}],"version-history":[{"count":0,"href":"https:\/\/trans-agro.eu\/pl\/wp-json\/wp\/v2\/pages\/46\/revisions"}],"wp:attachment":[{"href":"https:\/\/trans-agro.eu\/pl\/wp-json\/wp\/v2\/media?parent=46"}],"curies":[{"name":"wp","href":"https:\/\/api.w.org\/{rel}","templated":true}]}}